{"id":13440,"date":"2024-09-15T21:45:07","date_gmt":"2024-09-15T19:45:07","guid":{"rendered":"https:\/\/www.eBai.cz\/eshop\/?post_type=product&#038;p=13440"},"modified":"2026-04-27T23:38:54","modified_gmt":"2026-04-27T21:38:54","slug":"sada-na-vyfuk-2x-dlouha-podlozka-2x-srouby-tesneni","status":"publish","type":"product","link":"https:\/\/www.eBai.cz\/eshop\/produkt\/sada-na-vyfuk-2x-dlouha-podlozka-2x-srouby-tesneni\/","title":{"rendered":"Sada na v\u00fdfuk 2x dlouh\u00e1 podlo\u017eka, 2x \u0161rouby, t\u011bsn\u011bn\u00ed"},"content":{"rendered":"<p>Opravn\u00e1 sada na v\u00fdfuk<\/p>\n<p>2x dlouh\u00e1 podlo\u017eka, 2x \u0161rouby, v\u00fdfukov\u00e9 t\u011bsn\u011bn\u00ed<\/p>\n","protected":false},"excerpt":{"rendered":"<p>Opravn\u00e1 sada na v\u00fdfuk 2x dlouh\u00e1 podlo\u017eka, 2x \u0161rouby, v\u00fdfukov\u00e9 t\u011bsn\u011bn\u00ed<\/p>\n","protected":false},"featured_media":13441,"comment_status":"open","ping_status":"closed","template":"","meta":[],"product_brand":[],"product_cat":[34],"product_tag":[],"class_list":{"0":"post-13440","1":"product","2":"type-product","3":"status-publish","4":"has-post-thumbnail","6":"product_cat-pro-motorku","8":"first","9":"instock","10":"taxable","11":"shipping-taxable","12":"purchasable","13":"product-type-simple"},"jetpack_sharing_enabled":true,"_links":{"self":[{"href":"https:\/\/www.eBai.cz\/eshop\/wp-json\/wp\/v2\/product\/13440","targetHints":{"allow":["GET"]}}],"collection":[{"href":"https:\/\/www.eBai.cz\/eshop\/wp-json\/wp\/v2\/product"}],"about":[{"href":"https:\/\/www.eBai.cz\/eshop\/wp-json\/wp\/v2\/types\/product"}],"replies":[{"embeddable":true,"href":"https:\/\/www.eBai.cz\/eshop\/wp-json\/wp\/v2\/comments?post=13440"}],"wp:featuredmedia":[{"embeddable":true,"href":"https:\/\/www.eBai.cz\/eshop\/wp-json\/wp\/v2\/media\/13441"}],"wp:attachment":[{"href":"https:\/\/www.eBai.cz\/eshop\/wp-json\/wp\/v2\/media?parent=13440"}],"wp:term":[{"taxonomy":"product_brand","embeddable":true,"href":"https:\/\/www.eBai.cz\/eshop\/wp-json\/wp\/v2\/product_brand?post=13440"},{"taxonomy":"product_cat","embeddable":true,"href":"https:\/\/www.eBai.cz\/eshop\/wp-json\/wp\/v2\/product_cat?post=13440"},{"taxonomy":"product_tag","embeddable":true,"href":"https:\/\/www.eBai.cz\/eshop\/wp-json\/wp\/v2\/product_tag?post=13440"}],"curies":[{"name":"wp","href":"https:\/\/api.w.org\/{rel}","templated":true}]}}