{"id":13438,"date":"2024-09-15T21:42:29","date_gmt":"2024-09-15T19:42:29","guid":{"rendered":"https:\/\/www.eBai.cz\/eshop\/?post_type=product&#038;p=13438"},"modified":"2026-04-27T23:38:54","modified_gmt":"2026-04-27T21:38:54","slug":"filtr-sani-modra-45mm","status":"publish","type":"product","link":"https:\/\/www.eBai.cz\/eshop\/produkt\/filtr-sani-modra-45mm\/","title":{"rendered":"Filtr s\u00e1n\u00ed modr\u00e1 45mm"},"content":{"rendered":"<p>Filtr s\u00e1n\u00ed modr\u00e1 45mm<\/p>\n","protected":false},"excerpt":{"rendered":"<p>Filtr s\u00e1n\u00ed modr\u00e1 45mm<\/p>\n","protected":false},"featured_media":13439,"comment_status":"open","ping_status":"closed","template":"","meta":[],"product_brand":[],"product_cat":[34],"product_tag":[],"class_list":{"0":"post-13438","1":"product","2":"type-product","3":"status-publish","4":"has-post-thumbnail","6":"product_cat-pro-motorku","8":"first","9":"instock","10":"taxable","11":"shipping-taxable","12":"purchasable","13":"product-type-simple"},"jetpack_sharing_enabled":true,"_links":{"self":[{"href":"https:\/\/www.eBai.cz\/eshop\/wp-json\/wp\/v2\/product\/13438","targetHints":{"allow":["GET"]}}],"collection":[{"href":"https:\/\/www.eBai.cz\/eshop\/wp-json\/wp\/v2\/product"}],"about":[{"href":"https:\/\/www.eBai.cz\/eshop\/wp-json\/wp\/v2\/types\/product"}],"replies":[{"embeddable":true,"href":"https:\/\/www.eBai.cz\/eshop\/wp-json\/wp\/v2\/comments?post=13438"}],"wp:featuredmedia":[{"embeddable":true,"href":"https:\/\/www.eBai.cz\/eshop\/wp-json\/wp\/v2\/media\/13439"}],"wp:attachment":[{"href":"https:\/\/www.eBai.cz\/eshop\/wp-json\/wp\/v2\/media?parent=13438"}],"wp:term":[{"taxonomy":"product_brand","embeddable":true,"href":"https:\/\/www.eBai.cz\/eshop\/wp-json\/wp\/v2\/product_brand?post=13438"},{"taxonomy":"product_cat","embeddable":true,"href":"https:\/\/www.eBai.cz\/eshop\/wp-json\/wp\/v2\/product_cat?post=13438"},{"taxonomy":"product_tag","embeddable":true,"href":"https:\/\/www.eBai.cz\/eshop\/wp-json\/wp\/v2\/product_tag?post=13438"}],"curies":[{"name":"wp","href":"https:\/\/api.w.org\/{rel}","templated":true}]}}