{"id":13367,"date":"2023-08-10T08:46:27","date_gmt":"2023-08-10T06:46:27","guid":{"rendered":"https:\/\/www.eBai.cz\/eshop\/?post_type=product&#038;p=13367"},"modified":"2026-05-08T20:44:12","modified_gmt":"2026-05-08T18:44:12","slug":"predni-svetlo-na-kolo-s-odrazkou","status":"publish","type":"product","link":"https:\/\/www.eBai.cz\/eshop\/produkt\/predni-svetlo-na-kolo-s-odrazkou\/","title":{"rendered":"P\u0159edn\u00ed sv\u011btlo na kolo s odrazkou"},"content":{"rendered":"<p>P\u0159edn\u00ed sv\u011btlo na kolo s odrazkou<\/p>\n","protected":false},"excerpt":{"rendered":"<p>P\u0159edn\u00ed sv\u011btlo na kolo s odrazkou<\/p>\n","protected":false},"featured_media":13368,"comment_status":"open","ping_status":"closed","template":"","meta":[],"product_brand":[],"product_cat":[28],"product_tag":[],"class_list":{"0":"post-13367","1":"product","2":"type-product","3":"status-publish","4":"has-post-thumbnail","6":"product_cat-pro-sport","8":"first","9":"instock","10":"taxable","11":"shipping-taxable","12":"purchasable","13":"product-type-simple"},"jetpack_sharing_enabled":true,"_links":{"self":[{"href":"https:\/\/www.eBai.cz\/eshop\/wp-json\/wp\/v2\/product\/13367","targetHints":{"allow":["GET"]}}],"collection":[{"href":"https:\/\/www.eBai.cz\/eshop\/wp-json\/wp\/v2\/product"}],"about":[{"href":"https:\/\/www.eBai.cz\/eshop\/wp-json\/wp\/v2\/types\/product"}],"replies":[{"embeddable":true,"href":"https:\/\/www.eBai.cz\/eshop\/wp-json\/wp\/v2\/comments?post=13367"}],"wp:featuredmedia":[{"embeddable":true,"href":"https:\/\/www.eBai.cz\/eshop\/wp-json\/wp\/v2\/media\/13368"}],"wp:attachment":[{"href":"https:\/\/www.eBai.cz\/eshop\/wp-json\/wp\/v2\/media?parent=13367"}],"wp:term":[{"taxonomy":"product_brand","embeddable":true,"href":"https:\/\/www.eBai.cz\/eshop\/wp-json\/wp\/v2\/product_brand?post=13367"},{"taxonomy":"product_cat","embeddable":true,"href":"https:\/\/www.eBai.cz\/eshop\/wp-json\/wp\/v2\/product_cat?post=13367"},{"taxonomy":"product_tag","embeddable":true,"href":"https:\/\/www.eBai.cz\/eshop\/wp-json\/wp\/v2\/product_tag?post=13367"}],"curies":[{"name":"wp","href":"https:\/\/api.w.org\/{rel}","templated":true}]}}