{"id":13219,"date":"2022-05-09T22:46:37","date_gmt":"2022-05-09T20:46:37","guid":{"rendered":"https:\/\/www.eBai.cz\/eshop\/?post_type=product&#038;p=13219"},"modified":"2026-04-17T02:25:19","modified_gmt":"2026-04-17T00:25:19","slug":"skladaci-parnik-lod-dyi-stavebnice","status":"publish","type":"product","link":"https:\/\/www.eBai.cz\/eshop\/produkt\/skladaci-parnik-lod-dyi-stavebnice\/","title":{"rendered":"Skl\u00e1dac\u00ed parn\u00edk lo\u010f DIY stavebnice"},"content":{"rendered":"<p>Skl\u00e1dac\u00ed parn\u00edk do polytechniky, stavebnice se montuje pomoc\u00ed k\u0159\u00ed\u017eov\u00e9ho \u0161roubov\u00e1ku.<\/p>\n<p>Polytechnick\u00e1 stavebnice<\/p>\n<p>Technick\u00e9 informace:<br \/>\n&#8211; d\u0159evo hoblovan\u00fd opracovan\u00fd smrkov\u00fd kv\u00e1dr cca 10cm<br \/>\n&#8211; d\u0159even\u00fd kom\u00edn z tvrd\u00e9ho d\u0159eva<br \/>\n&#8211; vrut velikosti 3,5<br \/>\n&#8211; ru\u010dn\u011b vyrobeno v \u010cesk\u00e9 republice (\u017e\u00e1dn\u00e1 \u010c\u00edna)<br \/>\n&#8211; je ekologick\u00e9, neobsahuje \u017e\u00e1dn\u00e9 barvy<br \/>\n&#8211; d\u011bti si jej mohou pokreslit podle vlastn\u00ed libosti<\/p>\n<p>Parn\u00edk je rozlo\u017een\u00fd na z\u00e1kladn\u00ed d\u00edly, d\u00e1rkov\u011b zabaleno. D\u011bti si skl\u00e1daj\u00ed sami. <a href=\"http:\/\/www.ebai.cz\/navody\/navod-parnik.pdf\">N\u00e1vod ke sta\u017een\u00ed<\/a><\/p>\n<p>Uk\u00e1zka skl\u00e1d\u00e1n\u00ed \u0161kol\u00e1ka:<\/p>\n<p><iframe loading=\"lazy\" src=\"https:\/\/www.youtube.com\/embed\/883NQ2OVt7E\" width=\"560\" height=\"315\" frameborder=\"0\" allowfullscreen=\"allowfullscreen\"><\/iframe><\/p>\n<p><em>Upozorn\u011bn\u00ed: Ur\u010den\u00e9 k pou\u017eit\u00ed ve \u0161kol\u00e1ch a v jin\u00fdch pedagogick\u00fdch souvislostech pro didaktick\u00e9 \u00fa\u010dely pod dohledem dosp\u011bl\u00e9ho instruktora.<\/em><\/p>\n","protected":false},"excerpt":{"rendered":"<p>Skl\u00e1dac\u00ed parn\u00edk do polytechniky, stavebnice se montuje pomoc\u00ed k\u0159\u00ed\u017eov\u00e9ho \u0161roubov\u00e1ku. Polytechnick\u00e1 stavebnice Technick\u00e9 informace: &#8211; d\u0159evo hoblovan\u00fd opracovan\u00fd smrkov\u00fd kv\u00e1dr cca 10cm &#8211; d\u0159even\u00fd kom\u00edn z tvrd\u00e9ho d\u0159eva &#8211; vrut velikosti 3,5 &#8211; ru\u010dn\u011b vyrobeno v \u010cesk\u00e9 republice (\u017e\u00e1dn\u00e1 \u010c\u00edna) &#8211; je ekologick\u00e9, neobsahuje \u017e\u00e1dn\u00e9 barvy &#8211; d\u011bti si jej mohou pokreslit podle vlastn\u00ed libosti [&hellip;]<\/p>\n","protected":false},"featured_media":13220,"comment_status":"open","ping_status":"closed","template":"","meta":[],"product_brand":[],"product_cat":[22],"product_tag":[],"class_list":{"0":"post-13219","1":"product","2":"type-product","3":"status-publish","4":"has-post-thumbnail","6":"product_cat-polytechnika","8":"first","9":"instock","10":"taxable","11":"shipping-taxable","12":"purchasable","13":"product-type-simple"},"jetpack_sharing_enabled":true,"_links":{"self":[{"href":"https:\/\/www.eBai.cz\/eshop\/wp-json\/wp\/v2\/product\/13219","targetHints":{"allow":["GET"]}}],"collection":[{"href":"https:\/\/www.eBai.cz\/eshop\/wp-json\/wp\/v2\/product"}],"about":[{"href":"https:\/\/www.eBai.cz\/eshop\/wp-json\/wp\/v2\/types\/product"}],"replies":[{"embeddable":true,"href":"https:\/\/www.eBai.cz\/eshop\/wp-json\/wp\/v2\/comments?post=13219"}],"wp:featuredmedia":[{"embeddable":true,"href":"https:\/\/www.eBai.cz\/eshop\/wp-json\/wp\/v2\/media\/13220"}],"wp:attachment":[{"href":"https:\/\/www.eBai.cz\/eshop\/wp-json\/wp\/v2\/media?parent=13219"}],"wp:term":[{"taxonomy":"product_brand","embeddable":true,"href":"https:\/\/www.eBai.cz\/eshop\/wp-json\/wp\/v2\/product_brand?post=13219"},{"taxonomy":"product_cat","embeddable":true,"href":"https:\/\/www.eBai.cz\/eshop\/wp-json\/wp\/v2\/product_cat?post=13219"},{"taxonomy":"product_tag","embeddable":true,"href":"https:\/\/www.eBai.cz\/eshop\/wp-json\/wp\/v2\/product_tag?post=13219"}],"curies":[{"name":"wp","href":"https:\/\/api.w.org\/{rel}","templated":true}]}}