{"id":13213,"date":"2022-04-25T00:39:17","date_gmt":"2022-04-24T22:39:17","guid":{"rendered":"https:\/\/www.eBai.cz\/eshop\/?post_type=product&#038;p=13213"},"modified":"2026-05-08T20:44:12","modified_gmt":"2026-05-08T18:44:12","slug":"skladaci-pojizdny-nakladak-dyi-stavebnice","status":"publish","type":"product","link":"https:\/\/www.eBai.cz\/eshop\/produkt\/skladaci-pojizdny-nakladak-dyi-stavebnice\/","title":{"rendered":"Skl\u00e1dac\u00ed poj\u00edzdn\u00fd n\u00e1kla\u010f\u00e1k DIY stavebnice"},"content":{"rendered":"<p>Skl\u00e1dac\u00ed poj\u00edzdn\u00fd n\u00e1kla\u010f\u00e1k do polytechniky stavebnice, kluci i holky mohou po\u0159\u00e1dat z\u00e1vody.<\/p>\n<p>Polytechnick\u00e1 stavebnice<\/p>\n<p>Technick\u00e9 informace:<br \/>\n&#8211; d\u0159evo hoblovan\u00fd opracovan\u00fd smrkov\u00fd kv\u00e1dr o celkov\u00e9 d\u00e9lce 30cm<br \/>\n&#8211; ocelov\u00e9 \u0161rouby a matice M5<br \/>\n&#8211; volant, kabina a korba<br \/>\n&#8211; ru\u010dn\u011b vyrobeno v \u010cesk\u00e9 republice (\u017e\u00e1dn\u00e1 \u010c\u00edna)<br \/>\n&#8211; je ekologick\u00e9, neobsahuje \u017e\u00e1dn\u00e9 barvy<br \/>\n&#8211; je poj\u00edzdn\u00e9<br \/>\n&#8211; d\u011bti si jej mohou pokreslit podle vlastn\u00ed libosti<\/p>\n<p>N\u00e1kla\u010f\u00e1k je rozlo\u017een\u00fd na z\u00e1kladn\u00ed d\u00edly, d\u00e1rkov\u011b zabaleno. D\u011bti si skl\u00e1daj\u00ed sami. <a href=\"http:\/\/www.ebai.cz\/navody\/navod-nakladak.pdf\">N\u00e1vod ke sta\u017een\u00ed<\/a><\/p>\n<p>Uk\u00e1zka skl\u00e1d\u00e1n\u00ed \u0161kol\u00e1ka:<\/p>\n<p><iframe loading=\"lazy\" src=\"https:\/\/www.youtube.com\/embed\/883NQ2OVt7E\" width=\"560\" height=\"315\" frameborder=\"0\" allowfullscreen=\"allowfullscreen\"><\/iframe><\/p>\n<p><em>Upozorn\u011bn\u00ed: Ur\u010den\u00e9 k pou\u017eit\u00ed ve \u0161kol\u00e1ch a v jin\u00fdch pedagogick\u00fdch souvislostech pro didaktick\u00e9 \u00fa\u010dely pod dohledem dosp\u011bl\u00e9ho instruktora.<\/em><\/p>\n","protected":false},"excerpt":{"rendered":"<p>Skl\u00e1dac\u00ed poj\u00edzdn\u00fd n\u00e1kla\u010f\u00e1k do polytechniky stavebnice, kluci i holky mohou po\u0159\u00e1dat z\u00e1vody. Polytechnick\u00e1 stavebnice Technick\u00e9 informace: &#8211; d\u0159evo hoblovan\u00fd opracovan\u00fd smrkov\u00fd kv\u00e1dr o celkov\u00e9 d\u00e9lce 30cm &#8211; ocelov\u00e9 \u0161rouby a matice M5 &#8211; volant, kabina a korba &#8211; ru\u010dn\u011b vyrobeno v \u010cesk\u00e9 republice (\u017e\u00e1dn\u00e1 \u010c\u00edna) &#8211; je ekologick\u00e9, neobsahuje \u017e\u00e1dn\u00e9 barvy &#8211; je poj\u00edzdn\u00e9 &#8211; [&hellip;]<\/p>\n","protected":false},"featured_media":13214,"comment_status":"open","ping_status":"closed","template":"","meta":[],"product_brand":[],"product_cat":[22],"product_tag":[],"class_list":{"0":"post-13213","1":"product","2":"type-product","3":"status-publish","4":"has-post-thumbnail","6":"product_cat-polytechnika","8":"first","9":"instock","10":"taxable","11":"shipping-taxable","12":"purchasable","13":"product-type-simple"},"jetpack_sharing_enabled":true,"_links":{"self":[{"href":"https:\/\/www.eBai.cz\/eshop\/wp-json\/wp\/v2\/product\/13213","targetHints":{"allow":["GET"]}}],"collection":[{"href":"https:\/\/www.eBai.cz\/eshop\/wp-json\/wp\/v2\/product"}],"about":[{"href":"https:\/\/www.eBai.cz\/eshop\/wp-json\/wp\/v2\/types\/product"}],"replies":[{"embeddable":true,"href":"https:\/\/www.eBai.cz\/eshop\/wp-json\/wp\/v2\/comments?post=13213"}],"wp:featuredmedia":[{"embeddable":true,"href":"https:\/\/www.eBai.cz\/eshop\/wp-json\/wp\/v2\/media\/13214"}],"wp:attachment":[{"href":"https:\/\/www.eBai.cz\/eshop\/wp-json\/wp\/v2\/media?parent=13213"}],"wp:term":[{"taxonomy":"product_brand","embeddable":true,"href":"https:\/\/www.eBai.cz\/eshop\/wp-json\/wp\/v2\/product_brand?post=13213"},{"taxonomy":"product_cat","embeddable":true,"href":"https:\/\/www.eBai.cz\/eshop\/wp-json\/wp\/v2\/product_cat?post=13213"},{"taxonomy":"product_tag","embeddable":true,"href":"https:\/\/www.eBai.cz\/eshop\/wp-json\/wp\/v2\/product_tag?post=13213"}],"curies":[{"name":"wp","href":"https:\/\/api.w.org\/{rel}","templated":true}]}}