{"id":13141,"date":"2021-09-28T12:42:01","date_gmt":"2021-09-28T10:42:01","guid":{"rendered":"https:\/\/www.eBai.cz\/eshop\/?post_type=product&#038;p=13141"},"modified":"2025-11-11T23:23:43","modified_gmt":"2025-11-11T22:23:43","slug":"zdrava-lahev-sport-1l","status":"publish","type":"product","link":"https:\/\/www.eBai.cz\/eshop\/produkt\/zdrava-lahev-sport-1l\/","title":{"rendered":"Zdrav\u00e1 lahev Sport 1L"},"content":{"rendered":"<p>ZDRAV\u00c9 L\u00c1HVE\u00a0jsou vyrobeny z polypropylenu ur\u010den\u00e9ho pro l\u00e9ka\u0159sk\u00e9 a farmaceutick\u00e9 pou\u017eit\u00ed a zabra\u0148uj\u00ed \u0161\u00ed\u0159en\u00ed pl\u00edsn\u00ed a z\u00e1pachu, co\u017e je nej\u010dast\u011bj\u0161\u00ed probl\u00e9m lahv\u00ed na pit\u00ed.<\/p>\n<ul>\n<li>Vyrobena z unik\u00e1tn\u00edho medic\u00ednsk\u00e9ho materi\u00e1lu<\/li>\n<li>Bez ftal\u00e1t\u016f, zm\u011bk\u010dovadel, BPA, BPS, BPF<\/li>\n<li>Bez z\u00e1pach\u016f a pl\u00edsn\u00ed<\/li>\n<li>Dlouh\u00e1 \u017eivotnost i d\u00edky n\u00e1hradn\u00edm komponent\u016fm<\/li>\n<li>Mo\u017enost vyva\u0159ovat p\u0159i 100\u00b0C, m\u00fdt v my\u010dce n\u00e1dob\u00ed, oh\u0159\u00edvat v mikrovlnn\u00e9 troub\u011b<\/li>\n<li>Unik\u00e1tn\u00ed \u010desk\u00fd v\u00fdrobek<\/li>\n<\/ul>\n<p>V\u00fdrobce: R&amp;B M\u011bd\u00edlek<\/p>\n","protected":false},"excerpt":{"rendered":"<p>ZDRAV\u00c9 L\u00c1HVE\u00a0jsou vyrobeny z polypropylenu ur\u010den\u00e9ho pro l\u00e9ka\u0159sk\u00e9 a farmaceutick\u00e9 pou\u017eit\u00ed a zabra\u0148uj\u00ed \u0161\u00ed\u0159en\u00ed pl\u00edsn\u00ed a z\u00e1pachu, co\u017e je nej\u010dast\u011bj\u0161\u00ed probl\u00e9m lahv\u00ed na pit\u00ed. Vyrobena z unik\u00e1tn\u00edho medic\u00ednsk\u00e9ho materi\u00e1lu Bez ftal\u00e1t\u016f, zm\u011bk\u010dovadel, BPA, BPS, BPF Bez z\u00e1pach\u016f a pl\u00edsn\u00ed Dlouh\u00e1 \u017eivotnost i d\u00edky n\u00e1hradn\u00edm komponent\u016fm Mo\u017enost vyva\u0159ovat p\u0159i 100\u00b0C, m\u00fdt v my\u010dce n\u00e1dob\u00ed, oh\u0159\u00edvat v [&hellip;]<\/p>\n","protected":false},"featured_media":13142,"comment_status":"open","ping_status":"closed","template":"","meta":[],"product_brand":[],"product_cat":[44],"product_tag":[],"class_list":{"0":"post-13141","1":"product","2":"type-product","3":"status-publish","4":"has-post-thumbnail","6":"product_cat-zdrava-lahev","8":"first","9":"outofstock","10":"taxable","11":"shipping-taxable","12":"purchasable","13":"product-type-simple"},"jetpack_sharing_enabled":true,"_links":{"self":[{"href":"https:\/\/www.eBai.cz\/eshop\/wp-json\/wp\/v2\/product\/13141","targetHints":{"allow":["GET"]}}],"collection":[{"href":"https:\/\/www.eBai.cz\/eshop\/wp-json\/wp\/v2\/product"}],"about":[{"href":"https:\/\/www.eBai.cz\/eshop\/wp-json\/wp\/v2\/types\/product"}],"replies":[{"embeddable":true,"href":"https:\/\/www.eBai.cz\/eshop\/wp-json\/wp\/v2\/comments?post=13141"}],"wp:featuredmedia":[{"embeddable":true,"href":"https:\/\/www.eBai.cz\/eshop\/wp-json\/wp\/v2\/media\/13142"}],"wp:attachment":[{"href":"https:\/\/www.eBai.cz\/eshop\/wp-json\/wp\/v2\/media?parent=13141"}],"wp:term":[{"taxonomy":"product_brand","embeddable":true,"href":"https:\/\/www.eBai.cz\/eshop\/wp-json\/wp\/v2\/product_brand?post=13141"},{"taxonomy":"product_cat","embeddable":true,"href":"https:\/\/www.eBai.cz\/eshop\/wp-json\/wp\/v2\/product_cat?post=13141"},{"taxonomy":"product_tag","embeddable":true,"href":"https:\/\/www.eBai.cz\/eshop\/wp-json\/wp\/v2\/product_tag?post=13141"}],"curies":[{"name":"wp","href":"https:\/\/api.w.org\/{rel}","templated":true}]}}