{"id":1249,"date":"2020-02-19T23:26:09","date_gmt":"2020-02-19T22:26:09","guid":{"rendered":"https:\/\/www.eBai.cz\/eshop\/?post_type=product&#038;p=1249"},"modified":"2020-11-23T14:56:02","modified_gmt":"2020-11-23T13:56:02","slug":"detsky-metr-na-dvere-se-zabkami-55-150cm","status":"publish","type":"product","link":"https:\/\/www.eBai.cz\/eshop\/produkt\/detsky-metr-na-dvere-se-zabkami-55-150cm\/","title":{"rendered":"D\u011btsk\u00fd metr na dve\u0159e se \u017dabkami 55-150cm"},"content":{"rendered":"<p>D\u011btsk\u00fd metr se \u017eabkami na m\u011b\u0159en\u00ed d\u011bt\u00ed, um\u00edst\u011bn\u00ed na z\u00e1rubn\u011b dve\u0159\u00ed. Rozsah 55-150cm<\/p>\n<p>Ud\u011blejte radost sv\u00e9mu d\u00edt\u011bti&#8230;<\/p>\n","protected":false},"excerpt":{"rendered":"<p>D\u011btsk\u00fd metr se \u017eabkami na m\u011b\u0159en\u00ed d\u011bt\u00ed, um\u00edst\u011bn\u00ed na z\u00e1rubn\u011b dve\u0159\u00ed. Rozsah 55-150cm Ud\u011blejte radost sv\u00e9mu d\u00edt\u011bti&#8230;<\/p>\n","protected":false},"featured_media":1250,"comment_status":"open","ping_status":"closed","template":"","meta":[],"product_brand":[],"product_cat":[29],"product_tag":[],"class_list":{"0":"post-1249","1":"product","2":"type-product","3":"status-publish","4":"has-post-thumbnail","6":"product_cat-nastroje","8":"first","9":"instock","10":"sale","11":"taxable","12":"shipping-taxable","13":"purchasable","14":"product-type-simple"},"jetpack_sharing_enabled":true,"_links":{"self":[{"href":"https:\/\/www.eBai.cz\/eshop\/wp-json\/wp\/v2\/product\/1249","targetHints":{"allow":["GET"]}}],"collection":[{"href":"https:\/\/www.eBai.cz\/eshop\/wp-json\/wp\/v2\/product"}],"about":[{"href":"https:\/\/www.eBai.cz\/eshop\/wp-json\/wp\/v2\/types\/product"}],"replies":[{"embeddable":true,"href":"https:\/\/www.eBai.cz\/eshop\/wp-json\/wp\/v2\/comments?post=1249"}],"wp:featuredmedia":[{"embeddable":true,"href":"https:\/\/www.eBai.cz\/eshop\/wp-json\/wp\/v2\/media\/1250"}],"wp:attachment":[{"href":"https:\/\/www.eBai.cz\/eshop\/wp-json\/wp\/v2\/media?parent=1249"}],"wp:term":[{"taxonomy":"product_brand","embeddable":true,"href":"https:\/\/www.eBai.cz\/eshop\/wp-json\/wp\/v2\/product_brand?post=1249"},{"taxonomy":"product_cat","embeddable":true,"href":"https:\/\/www.eBai.cz\/eshop\/wp-json\/wp\/v2\/product_cat?post=1249"},{"taxonomy":"product_tag","embeddable":true,"href":"https:\/\/www.eBai.cz\/eshop\/wp-json\/wp\/v2\/product_tag?post=1249"}],"curies":[{"name":"wp","href":"https:\/\/api.w.org\/{rel}","templated":true}]}}