{"id":1216,"date":"2020-02-19T22:21:17","date_gmt":"2020-02-19T21:21:17","guid":{"rendered":"https:\/\/www.eBai.cz\/eshop\/?post_type=product&#038;p=1216"},"modified":"2020-11-14T20:59:51","modified_gmt":"2020-11-14T19:59:51","slug":"22mm-pasek-na-hodinky-bila-univerzalni","status":"publish","type":"product","link":"https:\/\/www.eBai.cz\/eshop\/produkt\/22mm-pasek-na-hodinky-bila-univerzalni\/","title":{"rendered":"22mm p\u00e1sek na hodinky b\u00edl\u00e1 univerz\u00e1ln\u00ed"},"content":{"rendered":"<p>22mm p\u00e1sek na hodinky b\u00edl\u00e1 univerz\u00e1ln\u00ed<br \/>\nd\u00e9lka 250mm<\/p>\n","protected":false},"excerpt":{"rendered":"<p>22mm p\u00e1sek na hodinky b\u00edl\u00e1 univerz\u00e1ln\u00ed d\u00e9lka 250mm<\/p>\n","protected":false},"featured_media":1217,"comment_status":"open","ping_status":"closed","template":"","meta":[],"product_brand":[],"product_cat":[29],"product_tag":[],"class_list":{"0":"post-1216","1":"product","2":"type-product","3":"status-publish","4":"has-post-thumbnail","6":"product_cat-nastroje","8":"first","9":"instock","10":"sale","11":"taxable","12":"shipping-taxable","13":"purchasable","14":"product-type-simple"},"jetpack_sharing_enabled":true,"_links":{"self":[{"href":"https:\/\/www.eBai.cz\/eshop\/wp-json\/wp\/v2\/product\/1216","targetHints":{"allow":["GET"]}}],"collection":[{"href":"https:\/\/www.eBai.cz\/eshop\/wp-json\/wp\/v2\/product"}],"about":[{"href":"https:\/\/www.eBai.cz\/eshop\/wp-json\/wp\/v2\/types\/product"}],"replies":[{"embeddable":true,"href":"https:\/\/www.eBai.cz\/eshop\/wp-json\/wp\/v2\/comments?post=1216"}],"wp:featuredmedia":[{"embeddable":true,"href":"https:\/\/www.eBai.cz\/eshop\/wp-json\/wp\/v2\/media\/1217"}],"wp:attachment":[{"href":"https:\/\/www.eBai.cz\/eshop\/wp-json\/wp\/v2\/media?parent=1216"}],"wp:term":[{"taxonomy":"product_brand","embeddable":true,"href":"https:\/\/www.eBai.cz\/eshop\/wp-json\/wp\/v2\/product_brand?post=1216"},{"taxonomy":"product_cat","embeddable":true,"href":"https:\/\/www.eBai.cz\/eshop\/wp-json\/wp\/v2\/product_cat?post=1216"},{"taxonomy":"product_tag","embeddable":true,"href":"https:\/\/www.eBai.cz\/eshop\/wp-json\/wp\/v2\/product_tag?post=1216"}],"curies":[{"name":"wp","href":"https:\/\/api.w.org\/{rel}","templated":true}]}}