{"id":1210,"date":"2020-02-19T22:08:56","date_gmt":"2020-02-19T21:08:56","guid":{"rendered":"https:\/\/www.eBai.cz\/eshop\/?post_type=product&#038;p=1210"},"modified":"2025-05-11T23:53:40","modified_gmt":"2025-05-11T21:53:40","slug":"mini-zamek-na-kufr-kabelku-tasku-3-ciselny-kombinacni","status":"publish","type":"product","link":"https:\/\/www.eBai.cz\/eshop\/produkt\/mini-zamek-na-kufr-kabelku-tasku-3-ciselny-kombinacni\/","title":{"rendered":"Mini z\u00e1mek na kufr kabelku ta\u0161ku 3 \u010d\u00edseln\u00fd kombina\u010dn\u00ed"},"content":{"rendered":"<p>Mini z\u00e1mek na kufr kabelku ta\u0161ku 3 \u010d\u00edseln\u00fd kombina\u010dn\u00ed<\/p>\n<p>3 \u010d\u00edslice ke kombinaci<\/p>\n","protected":false},"excerpt":{"rendered":"<p>Mini z\u00e1mek na kufr kabelku ta\u0161ku 3 \u010d\u00edseln\u00fd kombina\u010dn\u00ed 3 \u010d\u00edslice ke kombinaci<\/p>\n","protected":false},"featured_media":1208,"comment_status":"open","ping_status":"closed","template":"","meta":[],"product_brand":[],"product_cat":[29],"product_tag":[],"class_list":{"0":"post-1210","1":"product","2":"type-product","3":"status-publish","4":"has-post-thumbnail","6":"product_cat-nastroje","8":"first","9":"outofstock","10":"sale","11":"taxable","12":"shipping-taxable","13":"purchasable","14":"product-type-simple"},"jetpack_sharing_enabled":true,"_links":{"self":[{"href":"https:\/\/www.eBai.cz\/eshop\/wp-json\/wp\/v2\/product\/1210","targetHints":{"allow":["GET"]}}],"collection":[{"href":"https:\/\/www.eBai.cz\/eshop\/wp-json\/wp\/v2\/product"}],"about":[{"href":"https:\/\/www.eBai.cz\/eshop\/wp-json\/wp\/v2\/types\/product"}],"replies":[{"embeddable":true,"href":"https:\/\/www.eBai.cz\/eshop\/wp-json\/wp\/v2\/comments?post=1210"}],"wp:featuredmedia":[{"embeddable":true,"href":"https:\/\/www.eBai.cz\/eshop\/wp-json\/wp\/v2\/media\/1208"}],"wp:attachment":[{"href":"https:\/\/www.eBai.cz\/eshop\/wp-json\/wp\/v2\/media?parent=1210"}],"wp:term":[{"taxonomy":"product_brand","embeddable":true,"href":"https:\/\/www.eBai.cz\/eshop\/wp-json\/wp\/v2\/product_brand?post=1210"},{"taxonomy":"product_cat","embeddable":true,"href":"https:\/\/www.eBai.cz\/eshop\/wp-json\/wp\/v2\/product_cat?post=1210"},{"taxonomy":"product_tag","embeddable":true,"href":"https:\/\/www.eBai.cz\/eshop\/wp-json\/wp\/v2\/product_tag?post=1210"}],"curies":[{"name":"wp","href":"https:\/\/api.w.org\/{rel}","templated":true}]}}