{"id":1197,"date":"2020-02-19T21:55:53","date_gmt":"2020-02-19T20:55:53","guid":{"rendered":"https:\/\/www.eBai.cz\/eshop\/?post_type=product&#038;p=1197"},"modified":"2024-11-19T10:41:42","modified_gmt":"2024-11-19T09:41:42","slug":"lupa-24cm-s-oddelavaci-rukojeti","status":"publish","type":"product","link":"https:\/\/www.eBai.cz\/eshop\/produkt\/lupa-24cm-s-oddelavaci-rukojeti\/","title":{"rendered":"Lupa 24cm s odd\u011bl\u00e1vac\u00ed rukojet\u00ed"},"content":{"rendered":"<p>Lupa s od\u0161roubov\u00e1vac\u00ed rukojet\u00ed velikost 24cm, pr\u016fm\u011br 13cm<\/p>\n","protected":false},"excerpt":{"rendered":"<p>Lupa s od\u0161roubov\u00e1vac\u00ed rukojet\u00ed velikost 24cm, pr\u016fm\u011br 13cm<\/p>\n","protected":false},"featured_media":1198,"comment_status":"open","ping_status":"closed","template":"","meta":[],"product_brand":[],"product_cat":[29],"product_tag":[],"class_list":{"0":"post-1197","1":"product","2":"type-product","3":"status-publish","4":"has-post-thumbnail","6":"product_cat-nastroje","8":"first","9":"outofstock","10":"taxable","11":"shipping-taxable","12":"purchasable","13":"product-type-simple"},"jetpack_sharing_enabled":true,"_links":{"self":[{"href":"https:\/\/www.eBai.cz\/eshop\/wp-json\/wp\/v2\/product\/1197","targetHints":{"allow":["GET"]}}],"collection":[{"href":"https:\/\/www.eBai.cz\/eshop\/wp-json\/wp\/v2\/product"}],"about":[{"href":"https:\/\/www.eBai.cz\/eshop\/wp-json\/wp\/v2\/types\/product"}],"replies":[{"embeddable":true,"href":"https:\/\/www.eBai.cz\/eshop\/wp-json\/wp\/v2\/comments?post=1197"}],"wp:featuredmedia":[{"embeddable":true,"href":"https:\/\/www.eBai.cz\/eshop\/wp-json\/wp\/v2\/media\/1198"}],"wp:attachment":[{"href":"https:\/\/www.eBai.cz\/eshop\/wp-json\/wp\/v2\/media?parent=1197"}],"wp:term":[{"taxonomy":"product_brand","embeddable":true,"href":"https:\/\/www.eBai.cz\/eshop\/wp-json\/wp\/v2\/product_brand?post=1197"},{"taxonomy":"product_cat","embeddable":true,"href":"https:\/\/www.eBai.cz\/eshop\/wp-json\/wp\/v2\/product_cat?post=1197"},{"taxonomy":"product_tag","embeddable":true,"href":"https:\/\/www.eBai.cz\/eshop\/wp-json\/wp\/v2\/product_tag?post=1197"}],"curies":[{"name":"wp","href":"https:\/\/api.w.org\/{rel}","templated":true}]}}