{"id":1182,"date":"2020-02-19T21:40:09","date_gmt":"2020-02-19T20:40:09","guid":{"rendered":"https:\/\/www.eBai.cz\/eshop\/?post_type=product&#038;p=1182"},"modified":"2022-06-08T11:21:37","modified_gmt":"2022-06-08T09:21:37","slug":"teleskopicka-magneticka-podavaci-tycka-na-zapadle-predmety","status":"publish","type":"product","link":"https:\/\/www.eBai.cz\/eshop\/produkt\/teleskopicka-magneticka-podavaci-tycka-na-zapadle-predmety\/","title":{"rendered":"Teleskopick\u00e1 magnetick\u00e1 pod\u00e1vac\u00ed ty\u010dka na zapadl\u00e9 p\u0159edm\u011bty"},"content":{"rendered":"<p>Teleskopick\u00e1 magnetick\u00e1 pod\u00e1vac\u00ed ty\u010dka na zapadl\u00e9 p\u0159edm\u011bty<\/p>\n","protected":false},"excerpt":{"rendered":"<p>Teleskopick\u00e1 magnetick\u00e1 pod\u00e1vac\u00ed ty\u010dka na zapadl\u00e9 p\u0159edm\u011bty<\/p>\n","protected":false},"featured_media":1183,"comment_status":"open","ping_status":"closed","template":"","meta":[],"product_brand":[],"product_cat":[29],"product_tag":[],"class_list":{"0":"post-1182","1":"product","2":"type-product","3":"status-publish","4":"has-post-thumbnail","6":"product_cat-nastroje","8":"first","9":"outofstock","10":"sale","11":"taxable","12":"shipping-taxable","13":"purchasable","14":"product-type-simple"},"jetpack_sharing_enabled":true,"_links":{"self":[{"href":"https:\/\/www.eBai.cz\/eshop\/wp-json\/wp\/v2\/product\/1182","targetHints":{"allow":["GET"]}}],"collection":[{"href":"https:\/\/www.eBai.cz\/eshop\/wp-json\/wp\/v2\/product"}],"about":[{"href":"https:\/\/www.eBai.cz\/eshop\/wp-json\/wp\/v2\/types\/product"}],"replies":[{"embeddable":true,"href":"https:\/\/www.eBai.cz\/eshop\/wp-json\/wp\/v2\/comments?post=1182"}],"wp:featuredmedia":[{"embeddable":true,"href":"https:\/\/www.eBai.cz\/eshop\/wp-json\/wp\/v2\/media\/1183"}],"wp:attachment":[{"href":"https:\/\/www.eBai.cz\/eshop\/wp-json\/wp\/v2\/media?parent=1182"}],"wp:term":[{"taxonomy":"product_brand","embeddable":true,"href":"https:\/\/www.eBai.cz\/eshop\/wp-json\/wp\/v2\/product_brand?post=1182"},{"taxonomy":"product_cat","embeddable":true,"href":"https:\/\/www.eBai.cz\/eshop\/wp-json\/wp\/v2\/product_cat?post=1182"},{"taxonomy":"product_tag","embeddable":true,"href":"https:\/\/www.eBai.cz\/eshop\/wp-json\/wp\/v2\/product_tag?post=1182"}],"curies":[{"name":"wp","href":"https:\/\/api.w.org\/{rel}","templated":true}]}}