{"id":1178,"date":"2020-02-19T21:37:55","date_gmt":"2020-02-19T20:37:55","guid":{"rendered":"https:\/\/www.eBai.cz\/eshop\/?post_type=product&#038;p=1178"},"modified":"2023-12-16T21:51:15","modified_gmt":"2023-12-16T20:51:15","slug":"magneticky-teleskopicky-hacek-velmi-silny-az-5kg","status":"publish","type":"product","link":"https:\/\/www.eBai.cz\/eshop\/produkt\/magneticky-teleskopicky-hacek-velmi-silny-az-5kg\/","title":{"rendered":"Magnetick\u00fd h\u00e1\u010dek velmi siln\u00fd a\u017e 5kg"},"content":{"rendered":"<p>Magnetick\u00fd h\u00e1\u010dek velmi siln\u00fd unese a\u017e 5kg<\/p>\n","protected":false},"excerpt":{"rendered":"<p>Magnetick\u00fd h\u00e1\u010dek velmi siln\u00fd unese a\u017e 5kg<\/p>\n","protected":false},"featured_media":1179,"comment_status":"open","ping_status":"closed","template":"","meta":[],"product_brand":[],"product_cat":[29],"product_tag":[],"class_list":{"0":"post-1178","1":"product","2":"type-product","3":"status-publish","4":"has-post-thumbnail","6":"product_cat-nastroje","8":"first","9":"outofstock","10":"sale","11":"taxable","12":"shipping-taxable","13":"purchasable","14":"product-type-simple"},"jetpack_sharing_enabled":true,"_links":{"self":[{"href":"https:\/\/www.eBai.cz\/eshop\/wp-json\/wp\/v2\/product\/1178","targetHints":{"allow":["GET"]}}],"collection":[{"href":"https:\/\/www.eBai.cz\/eshop\/wp-json\/wp\/v2\/product"}],"about":[{"href":"https:\/\/www.eBai.cz\/eshop\/wp-json\/wp\/v2\/types\/product"}],"replies":[{"embeddable":true,"href":"https:\/\/www.eBai.cz\/eshop\/wp-json\/wp\/v2\/comments?post=1178"}],"wp:featuredmedia":[{"embeddable":true,"href":"https:\/\/www.eBai.cz\/eshop\/wp-json\/wp\/v2\/media\/1179"}],"wp:attachment":[{"href":"https:\/\/www.eBai.cz\/eshop\/wp-json\/wp\/v2\/media?parent=1178"}],"wp:term":[{"taxonomy":"product_brand","embeddable":true,"href":"https:\/\/www.eBai.cz\/eshop\/wp-json\/wp\/v2\/product_brand?post=1178"},{"taxonomy":"product_cat","embeddable":true,"href":"https:\/\/www.eBai.cz\/eshop\/wp-json\/wp\/v2\/product_cat?post=1178"},{"taxonomy":"product_tag","embeddable":true,"href":"https:\/\/www.eBai.cz\/eshop\/wp-json\/wp\/v2\/product_tag?post=1178"}],"curies":[{"name":"wp","href":"https:\/\/api.w.org\/{rel}","templated":true}]}}