{"id":107,"date":"2020-02-10T00:35:10","date_gmt":"2020-02-09T23:35:10","guid":{"rendered":"https:\/\/www.eBai.cz\/eshop\/?post_type=product&#038;p=107"},"modified":"2020-02-13T21:16:41","modified_gmt":"2020-02-13T20:16:41","slug":"huawei-band-234pro-nabijecka-pro-usb","status":"publish","type":"product","link":"https:\/\/www.eBai.cz\/eshop\/produkt\/huawei-band-234pro-nabijecka-pro-usb\/","title":{"rendered":"Huawei Band 2,3,4,PRO nab\u00edje\u010dka pro USB"},"content":{"rendered":"<p>Nab\u00edje\u010dka USB pro:<br \/>\nHuawei Band 2<br \/>\nHuawei Band 2 Pro<br \/>\nHuawei Band 3<br \/>\nHuawei Band 3 Pro<br \/>\nHuawei Band 4<br \/>\nHuawei Band 4 Pro<\/p>\n","protected":false},"excerpt":{"rendered":"<p>Nab\u00edje\u010dka USB pro: Huawei Band 2 Huawei Band 2 Pro Huawei Band 3 Huawei Band 3 Pro Huawei Band 4 Huawei Band 4 Pro<\/p>\n","protected":false},"featured_media":108,"comment_status":"open","ping_status":"closed","template":"","meta":[],"product_brand":[],"product_cat":[25],"product_tag":[],"class_list":{"0":"post-107","1":"product","2":"type-product","3":"status-publish","4":"has-post-thumbnail","6":"product_cat-chytre-hodinky","8":"first","9":"instock","10":"taxable","11":"shipping-taxable","12":"purchasable","13":"product-type-simple"},"jetpack_sharing_enabled":true,"_links":{"self":[{"href":"https:\/\/www.eBai.cz\/eshop\/wp-json\/wp\/v2\/product\/107","targetHints":{"allow":["GET"]}}],"collection":[{"href":"https:\/\/www.eBai.cz\/eshop\/wp-json\/wp\/v2\/product"}],"about":[{"href":"https:\/\/www.eBai.cz\/eshop\/wp-json\/wp\/v2\/types\/product"}],"replies":[{"embeddable":true,"href":"https:\/\/www.eBai.cz\/eshop\/wp-json\/wp\/v2\/comments?post=107"}],"wp:featuredmedia":[{"embeddable":true,"href":"https:\/\/www.eBai.cz\/eshop\/wp-json\/wp\/v2\/media\/108"}],"wp:attachment":[{"href":"https:\/\/www.eBai.cz\/eshop\/wp-json\/wp\/v2\/media?parent=107"}],"wp:term":[{"taxonomy":"product_brand","embeddable":true,"href":"https:\/\/www.eBai.cz\/eshop\/wp-json\/wp\/v2\/product_brand?post=107"},{"taxonomy":"product_cat","embeddable":true,"href":"https:\/\/www.eBai.cz\/eshop\/wp-json\/wp\/v2\/product_cat?post=107"},{"taxonomy":"product_tag","embeddable":true,"href":"https:\/\/www.eBai.cz\/eshop\/wp-json\/wp\/v2\/product_tag?post=107"}],"curies":[{"name":"wp","href":"https:\/\/api.w.org\/{rel}","templated":true}]}}