{"id":1026,"date":"2020-02-16T21:14:18","date_gmt":"2020-02-16T20:14:18","guid":{"rendered":"https:\/\/www.eBai.cz\/eshop\/?post_type=product&#038;p=1026"},"modified":"2020-02-19T21:14:19","modified_gmt":"2020-02-19T20:14:19","slug":"objektiv-18mm-170-m12-pro-cctv-kameru","status":"publish","type":"product","link":"https:\/\/www.eBai.cz\/eshop\/produkt\/objektiv-18mm-170-m12-pro-cctv-kameru\/","title":{"rendered":"Objektiv 1,8mm 170\u00b0 M12 pro CCTV kameru"},"content":{"rendered":"<p>Objektiv 1,8mm 170\u00b0 M12 pro CCTV kameru<\/p>\n<p>Ohnisko: 1.8mm<br \/>\nZ\u00e1vit: M12<br \/>\nSv\u011btelnost: F2.0<br \/>\n\u00dahel pohledu: 170deg<br \/>\nVelikost: 10mm d\u00e9lka celkov\u00e1<\/p>\n","protected":false},"excerpt":{"rendered":"<p>Objektiv 1,8mm 170\u00b0 M12 pro CCTV kameru Ohnisko: 1.8mm Z\u00e1vit: M12 Sv\u011btelnost: F2.0 \u00dahel pohledu: 170deg Velikost: 10mm d\u00e9lka celkov\u00e1<\/p>\n","protected":false},"featured_media":1027,"comment_status":"open","ping_status":"closed","template":"","meta":[],"product_brand":[],"product_cat":[41],"product_tag":[],"class_list":{"0":"post-1026","1":"product","2":"type-product","3":"status-publish","4":"has-post-thumbnail","6":"product_cat-zabezpeceni","8":"first","9":"instock","10":"sale","11":"taxable","12":"shipping-taxable","13":"purchasable","14":"product-type-simple"},"jetpack_sharing_enabled":true,"_links":{"self":[{"href":"https:\/\/www.eBai.cz\/eshop\/wp-json\/wp\/v2\/product\/1026","targetHints":{"allow":["GET"]}}],"collection":[{"href":"https:\/\/www.eBai.cz\/eshop\/wp-json\/wp\/v2\/product"}],"about":[{"href":"https:\/\/www.eBai.cz\/eshop\/wp-json\/wp\/v2\/types\/product"}],"replies":[{"embeddable":true,"href":"https:\/\/www.eBai.cz\/eshop\/wp-json\/wp\/v2\/comments?post=1026"}],"wp:featuredmedia":[{"embeddable":true,"href":"https:\/\/www.eBai.cz\/eshop\/wp-json\/wp\/v2\/media\/1027"}],"wp:attachment":[{"href":"https:\/\/www.eBai.cz\/eshop\/wp-json\/wp\/v2\/media?parent=1026"}],"wp:term":[{"taxonomy":"product_brand","embeddable":true,"href":"https:\/\/www.eBai.cz\/eshop\/wp-json\/wp\/v2\/product_brand?post=1026"},{"taxonomy":"product_cat","embeddable":true,"href":"https:\/\/www.eBai.cz\/eshop\/wp-json\/wp\/v2\/product_cat?post=1026"},{"taxonomy":"product_tag","embeddable":true,"href":"https:\/\/www.eBai.cz\/eshop\/wp-json\/wp\/v2\/product_tag?post=1026"}],"curies":[{"name":"wp","href":"https:\/\/api.w.org\/{rel}","templated":true}]}}