{"id":1015,"date":"2020-02-16T20:53:43","date_gmt":"2020-02-16T19:53:43","guid":{"rendered":"https:\/\/www.eBai.cz\/eshop\/?post_type=product&#038;p=1015"},"modified":"2020-02-16T20:53:43","modified_gmt":"2020-02-16T19:53:43","slug":"cctv-konektor-napajeci-male-55x21mm-dc-na-kabel-svorkovnice","status":"publish","type":"product","link":"https:\/\/www.eBai.cz\/eshop\/produkt\/cctv-konektor-napajeci-male-55x21mm-dc-na-kabel-svorkovnice\/","title":{"rendered":"CCTV konektor nap\u00e1jec\u00ed male 5,5&#215;2,1mm DC na kabel svorkovnice"},"content":{"rendered":"<p>CCTV konektor<\/p>\n<p>Nap\u00e1jec\u00ed jack male (samec) 5,5&#215;2,1mm DC na p\u0159ipojen\u00ed kabelu svorkovnic\u00ed na \u0161roubky<\/p>\n","protected":false},"excerpt":{"rendered":"<p>CCTV konektor Nap\u00e1jec\u00ed jack male (samec) 5,5&#215;2,1mm DC na p\u0159ipojen\u00ed kabelu svorkovnic\u00ed na \u0161roubky<\/p>\n","protected":false},"featured_media":1016,"comment_status":"open","ping_status":"closed","template":"","meta":[],"product_brand":[],"product_cat":[41],"product_tag":[],"class_list":{"0":"post-1015","1":"product","2":"type-product","3":"status-publish","4":"has-post-thumbnail","6":"product_cat-zabezpeceni","8":"first","9":"instock","10":"taxable","11":"shipping-taxable","12":"purchasable","13":"product-type-simple"},"jetpack_sharing_enabled":true,"_links":{"self":[{"href":"https:\/\/www.eBai.cz\/eshop\/wp-json\/wp\/v2\/product\/1015","targetHints":{"allow":["GET"]}}],"collection":[{"href":"https:\/\/www.eBai.cz\/eshop\/wp-json\/wp\/v2\/product"}],"about":[{"href":"https:\/\/www.eBai.cz\/eshop\/wp-json\/wp\/v2\/types\/product"}],"replies":[{"embeddable":true,"href":"https:\/\/www.eBai.cz\/eshop\/wp-json\/wp\/v2\/comments?post=1015"}],"wp:featuredmedia":[{"embeddable":true,"href":"https:\/\/www.eBai.cz\/eshop\/wp-json\/wp\/v2\/media\/1016"}],"wp:attachment":[{"href":"https:\/\/www.eBai.cz\/eshop\/wp-json\/wp\/v2\/media?parent=1015"}],"wp:term":[{"taxonomy":"product_brand","embeddable":true,"href":"https:\/\/www.eBai.cz\/eshop\/wp-json\/wp\/v2\/product_brand?post=1015"},{"taxonomy":"product_cat","embeddable":true,"href":"https:\/\/www.eBai.cz\/eshop\/wp-json\/wp\/v2\/product_cat?post=1015"},{"taxonomy":"product_tag","embeddable":true,"href":"https:\/\/www.eBai.cz\/eshop\/wp-json\/wp\/v2\/product_tag?post=1015"}],"curies":[{"name":"wp","href":"https:\/\/api.w.org\/{rel}","templated":true}]}}